{"id":2034,"date":"2025-12-17T23:22:56","date_gmt":"2025-12-17T22:22:56","guid":{"rendered":"https:\/\/auboncru.com\/?page_id=2034"},"modified":"2026-01-30T14:45:52","modified_gmt":"2026-01-30T13:45:52","slug":"cartes-representees","status":"publish","type":"page","link":"https:\/\/auboncru.com\/index.php\/cartes-representees\/","title":{"rendered":"Ev\u00e8nements"},"content":{"rendered":"\t\t<div data-elementor-type=\"wp-page\" data-elementor-id=\"2034\" class=\"elementor elementor-2034\">\n\t\t\t\t\t\t<section class=\"elementor-section elementor-top-section elementor-element elementor-element-83746e8 elementor-section-height-min-height elementor-section-boxed elementor-section-height-default elementor-section-items-middle\" data-id=\"83746e8\" data-element_type=\"section\" data-settings=\"{&quot;background_background&quot;:&quot;classic&quot;}\">\n\t\t\t\t\t\t\t<div class=\"elementor-background-overlay\"><\/div>\n\t\t\t\t\t\t\t<div class=\"elementor-container elementor-column-gap-default\">\n\t\t\t\t\t<div class=\"elementor-column elementor-col-100 elementor-top-column elementor-element elementor-element-09faee3\" data-id=\"09faee3\" data-element_type=\"column\">\n\t\t\t<div class=\"elementor-widget-wrap elementor-element-populated\">\n\t\t\t\t\t\t<div class=\"elementor-element elementor-element-c7152a9 elementor-widget elementor-widget-heading\" data-id=\"c7152a9\" data-element_type=\"widget\" data-widget_type=\"heading.default\">\n\t\t\t\t<div class=\"elementor-widget-container\">\n\t\t\t\t\t<h1 class=\"elementor-heading-title elementor-size-default\">\u00c9v\u00e8nements<\/h1>\t\t\t\t<\/div>\n\t\t\t\t<\/div>\n\t\t\t\t\t<\/div>\n\t\t<\/div>\n\t\t\t\t\t<\/div>\n\t\t<\/section>\n\t\t<div class=\"elementor-element elementor-element-b383ab9 e-flex e-con-boxed e-con e-parent\" data-id=\"b383ab9\" data-element_type=\"container\">\n\t\t\t\t\t<div class=\"e-con-inner\">\n\t\t\t\t\t<\/div>\n\t\t\t\t<\/div>\n\t\t<div class=\"elementor-element elementor-element-53fa34f e-flex e-con-boxed e-con e-parent\" data-id=\"53fa34f\" data-element_type=\"container\">\n\t\t\t\t\t<div class=\"e-con-inner\">\n\t\t\t\t<div class=\"elementor-element elementor-element-72ef0f4 elementor-widget elementor-widget-heading\" data-id=\"72ef0f4\" data-element_type=\"widget\" data-widget_type=\"heading.default\">\n\t\t\t\t<div class=\"elementor-widget-container\">\n\t\t\t\t\t<h2 class=\"elementor-heading-title elementor-size-default\"><span style=\"font-family: inherit;font-style: inherit;white-space: normal;margin: 0px 0px 40px;padding: 0px;border: 0px;font-size: 40px;line-height: 1.2em;vertical-align: baseline\">Festival&nbsp;Food'Angers<\/span><br><i>F\u00e9vrier 2026 \u00e0 Angers<\/i><\/h2>\t\t\t\t<\/div>\n\t\t\t\t<\/div>\n\t\t\t\t<div class=\"elementor-element elementor-element-6cd80e3 elementor-widget elementor-widget-text-editor\" data-id=\"6cd80e3\" data-element_type=\"widget\" data-widget_type=\"text-editor.default\">\n\t\t\t\t<div class=\"elementor-widget-container\">\n\t\t\t\t\t\t\t\t\t<p><span style=\"caret-color: #ffffff; color: #000; font-family: font-primary, Arial, Helvetica, sans-serif; font-size: 20px;\">D\u00e9but f\u00e9vrier 2026, pr\u00e8s de 150 partenaires vous concocteront plus de 90 animations, pour 10 jours intenses de d\u00e9couvertes, de rencontres, de d\u00e9gustations et de moments de partage autour de notre alimentation locale.<\/span><\/p><p><span style=\"caret-color: #ffffff; color: #000; font-family: font-primary, Arial, Helvetica, sans-serif; font-size: 20px;\">\u00a0<\/span><\/p><p><span style=\"font-family: Aptos, Aptos_EmbeddedFont, Aptos_MSFontService, Calibri, Helvetica, sans-serif;\">Vous trouverez ci-dessous le lien de la billetterie pour la\u00a0<\/span><b style=\"font-family: Aptos, Aptos_EmbeddedFont, Aptos_MSFontService, Calibri, Helvetica, sans-serif;\">d\u00e9gustation de vin immersive\u00a0<\/b><span style=\"font-family: Aptos, Aptos_EmbeddedFont, Aptos_MSFontService, Calibri, Helvetica, sans-serif;\">du Food Angers organis\u00e9e par La Porte des Mondes et l&#8217;Agence Au bon Cru, sur le site du domaine de Chatillon :<\/span><\/p>\t\t\t\t\t\t\t\t<\/div>\n\t\t\t\t<\/div>\n\t\t\t\t\t<\/div>\n\t\t\t\t<\/div>\n\t\t<div class=\"elementor-element elementor-element-0126f4e e-flex e-con-boxed e-con e-parent\" data-id=\"0126f4e\" data-element_type=\"container\">\n\t\t\t\t\t<div class=\"e-con-inner\">\n\t\t\t\t<div class=\"elementor-element elementor-element-3e057b4 elementor-button-warning elementor-align-center elementor-widget elementor-widget-button\" data-id=\"3e057b4\" data-element_type=\"widget\" data-widget_type=\"button.default\">\n\t\t\t\t<div class=\"elementor-widget-container\">\n\t\t\t\t\t\t\t\t\t<div class=\"elementor-button-wrapper\">\n\t\t\t\t\t<a class=\"elementor-button elementor-button-link elementor-size-sm\" href=\"https:\/\/my.weezevent.com\/degustation-de-vin-voyage-immersif-au-coeur-des-vignobles-espagnols-et-italiens\">\n\t\t\t\t\t\t<span class=\"elementor-button-content-wrapper\">\n\t\t\t\t\t\t\t\t\t<span class=\"elementor-button-text\">BILLETTERIE<\/span>\n\t\t\t\t\t<\/span>\n\t\t\t\t\t<\/a>\n\t\t\t\t<\/div>\n\t\t\t\t\t\t\t\t<\/div>\n\t\t\t\t<\/div>\n\t\t\t\t\t<\/div>\n\t\t\t\t<\/div>\n\t\t<div class=\"elementor-element elementor-element-a88871f e-flex e-con-boxed e-con e-parent\" data-id=\"a88871f\" data-element_type=\"container\">\n\t\t\t\t\t<div class=\"e-con-inner\">\n\t\t\t\t<div class=\"elementor-element elementor-element-0cbe406 elementor-widget elementor-widget-text-editor\" data-id=\"0cbe406\" data-element_type=\"widget\" data-widget_type=\"text-editor.default\">\n\t\t\t\t<div class=\"elementor-widget-container\">\n\t\t\t\t\t\t\t\t\t<p><strong>D\u00e9gustation de vin immersive<\/strong><\/p><p>L\u2019<strong>Italie<\/strong> et l\u2019<strong>Espagne<\/strong> semblent loin d\u2019Angers ! Pourtant, vous pourrez d\u00e9couvrir <strong>leurs c\u00e9pages embl\u00e9matiques<\/strong> lors d\u2019une d\u00e9gustation de vin immersive\u2026sans quitter la ville.\u00a0<em>La Porte des mondes<\/em> et l\u2019<em>Agence Au Bon Cru<\/em> vous feront voyager dans ces contr\u00e9es gr\u00e2ce \u00e0 des d\u00e9cors spectaculaires projet\u00e9s sur grand \u00e9cran panoramique, le tout accompagn\u00e9 de planches ap\u00e9ritives th\u00e9matiques.<\/p>\t\t\t\t\t\t\t\t<\/div>\n\t\t\t\t<\/div>\n\t\t\t\t\t<\/div>\n\t\t\t\t<\/div>\n\t\t<div class=\"elementor-element elementor-element-c7cba6a e-flex e-con-boxed e-con e-parent\" data-id=\"c7cba6a\" data-element_type=\"container\">\n\t\t\t\t\t<div class=\"e-con-inner\">\n\t\t\t\t<div class=\"elementor-element elementor-element-42f3515 elementor-widget elementor-widget-image\" data-id=\"42f3515\" data-element_type=\"widget\" data-widget_type=\"image.default\">\n\t\t\t\t<div class=\"elementor-widget-container\">\n\t\t\t\t\t\t\t\t\t\t\t\t\t\t\t<img fetchpriority=\"high\" decoding=\"async\" width=\"1024\" height=\"571\" src=\"https:\/\/auboncru.com\/wp-content\/uploads\/2025\/12\/Capture-decran-2025-12-17-a-23.19.38-1024x571.png\" class=\"attachment-large size-large wp-image-2039\" alt=\"\" srcset=\"https:\/\/auboncru.com\/wp-content\/uploads\/2025\/12\/Capture-decran-2025-12-17-a-23.19.38-1024x571.png 1024w, https:\/\/auboncru.com\/wp-content\/uploads\/2025\/12\/Capture-decran-2025-12-17-a-23.19.38-300x167.png 300w, https:\/\/auboncru.com\/wp-content\/uploads\/2025\/12\/Capture-decran-2025-12-17-a-23.19.38-768x428.png 768w, https:\/\/auboncru.com\/wp-content\/uploads\/2025\/12\/Capture-decran-2025-12-17-a-23.19.38-500x279.png 500w, https:\/\/auboncru.com\/wp-content\/uploads\/2025\/12\/Capture-decran-2025-12-17-a-23.19.38-800x446.png 800w, https:\/\/auboncru.com\/wp-content\/uploads\/2025\/12\/Capture-decran-2025-12-17-a-23.19.38-1280x714.png 1280w, https:\/\/auboncru.com\/wp-content\/uploads\/2025\/12\/Capture-decran-2025-12-17-a-23.19.38.png 1424w\" sizes=\"(max-width: 1024px) 100vw, 1024px\" \/>\t\t\t\t\t\t\t\t\t\t\t\t\t\t\t<\/div>\n\t\t\t\t<\/div>\n\t\t\t\t\t<\/div>\n\t\t\t\t<\/div>\n\t\t<div class=\"elementor-element elementor-element-8f8d086 e-flex e-con-boxed e-con e-parent\" data-id=\"8f8d086\" data-element_type=\"container\">\n\t\t\t\t\t<div class=\"e-con-inner\">\n\t\t\t\t<div class=\"elementor-element elementor-element-da95d27 elementor-widget-divider--view-line elementor-widget elementor-widget-divider\" data-id=\"da95d27\" data-element_type=\"widget\" data-widget_type=\"divider.default\">\n\t\t\t\t<div class=\"elementor-widget-container\">\n\t\t\t\t\t\t\t<div class=\"elementor-divider\">\n\t\t\t<span class=\"elementor-divider-separator\">\n\t\t\t\t\t\t<\/span>\n\t\t<\/div>\n\t\t\t\t\t\t<\/div>\n\t\t\t\t<\/div>\n\t\t\t\t\t<\/div>\n\t\t\t\t<\/div>\n\t\t\t\t<\/div>\n\t\t","protected":false},"excerpt":{"rendered":"<p>\u00c9v\u00e8nements Festival&nbsp;Food&#8217;AngersF\u00e9vrier 2026 \u00e0 Angers D\u00e9but f\u00e9vrier 2026, pr\u00e8s de 150 partenaires vous concocteront plus de 90 animations, pour 10 jours intenses de d\u00e9couvertes, de rencontres, de d\u00e9gustations et de moments de partage autour de notre alimentation locale. \u00a0 Vous trouverez ci-dessous le lien de la billetterie pour la\u00a0d\u00e9gustation de vin immersive\u00a0du Food Angers organis\u00e9e &hellip;<\/p>\n<p class=\"read-more\"> <a class=\"\" href=\"https:\/\/auboncru.com\/index.php\/cartes-representees\/\"> <span class=\"screen-reader-text\">Ev\u00e8nements<\/span> Read More &raquo;<\/a><\/p>\n","protected":false},"author":1,"featured_media":0,"parent":0,"menu_order":0,"comment_status":"closed","ping_status":"closed","template":"","meta":{"_uag_custom_page_level_css":"","_monsterinsights_skip_tracking":false,"_monsterinsights_sitenote_active":false,"_monsterinsights_sitenote_note":"","_monsterinsights_sitenote_category":0,"site-sidebar-layout":"no-sidebar","site-content-layout":"page-builder","ast-site-content-layout":"full-width-container","site-content-style":"unboxed","site-sidebar-style":"unboxed","ast-global-header-display":"","ast-banner-title-visibility":"","ast-main-header-display":"","ast-hfb-above-header-display":"","ast-hfb-below-header-display":"","ast-hfb-mobile-header-display":"","site-post-title":"disabled","ast-breadcrumbs-content":"","ast-featured-img":"disabled","footer-sml-layout":"","theme-transparent-header-meta":"enabled","adv-header-id-meta":"","stick-header-meta":"","header-above-stick-meta":"","header-main-stick-meta":"","header-below-stick-meta":"","astra-migrate-meta-layouts":"set","ast-page-background-enabled":"default","ast-page-background-meta":{"desktop":{"background-color":"var(--ast-global-color-4)","background-image":"","background-repeat":"repeat","background-position":"center center","background-size":"auto","background-attachment":"scroll","background-type":"","background-media":"","overlay-type":"","overlay-color":"","overlay-gradient":""},"tablet":{"background-color":"","background-image":"","background-repeat":"repeat","background-position":"center center","background-size":"auto","background-attachment":"scroll","background-type":"","background-media":"","overlay-type":"","overlay-color":"","overlay-gradient":""},"mobile":{"background-color":"","background-image":"","background-repeat":"repeat","background-position":"center center","background-size":"auto","background-attachment":"scroll","background-type":"","background-media":"","overlay-type":"","overlay-color":"","overlay-gradient":""}},"ast-content-background-meta":{"desktop":{"background-color":"var(--ast-global-color-5)","background-image":"","background-repeat":"repeat","background-position":"center center","background-size":"auto","background-attachment":"scroll","background-type":"","background-media":"","overlay-type":"","overlay-color":"","overlay-gradient":""},"tablet":{"background-color":"var(--ast-global-color-5)","background-image":"","background-repeat":"repeat","background-position":"center center","background-size":"auto","background-attachment":"scroll","background-type":"","background-media":"","overlay-type":"","overlay-color":"","overlay-gradient":""},"mobile":{"background-color":"var(--ast-global-color-5)","background-image":"","background-repeat":"repeat","background-position":"center center","background-size":"auto","background-attachment":"scroll","background-type":"","background-media":"","overlay-type":"","overlay-color":"","overlay-gradient":""}},"_vp_format_video_url":"","_vp_image_focal_point":[],"footnotes":""},"class_list":["post-2034","page","type-page","status-publish","hentry"],"aioseo_notices":[],"uagb_featured_image_src":{"full":false,"thumbnail":false,"medium":false,"medium_large":false,"large":false,"1536x1536":false,"2048x2048":false,"vp_sm":false,"vp_md":false,"vp_lg":false,"vp_xl":false,"vp_sm_popup":false,"vp_md_popup":false,"vp_xl_popup":false},"uagb_author_info":{"display_name":"admin9760","author_link":"https:\/\/auboncru.com\/index.php\/author\/admin9760\/"},"uagb_comment_info":0,"uagb_excerpt":"\u00c9v\u00e8nements Festival&nbsp;Food&#8217;AngersF\u00e9vrier 2026 \u00e0 Angers D\u00e9but f\u00e9vrier 2026, pr\u00e8s de 150 partenaires vous concocteront plus de 90 animations, pour 10 jours intenses de d\u00e9couvertes, de rencontres, de d\u00e9gustations et de moments de partage autour de notre alimentation locale. \u00a0 Vous trouverez ci-dessous le lien de la billetterie pour la\u00a0d\u00e9gustation de vin immersive\u00a0du Food Angers organis\u00e9e&hellip;","_links":{"self":[{"href":"https:\/\/auboncru.com\/index.php\/wp-json\/wp\/v2\/pages\/2034","targetHints":{"allow":["GET"]}}],"collection":[{"href":"https:\/\/auboncru.com\/index.php\/wp-json\/wp\/v2\/pages"}],"about":[{"href":"https:\/\/auboncru.com\/index.php\/wp-json\/wp\/v2\/types\/page"}],"author":[{"embeddable":true,"href":"https:\/\/auboncru.com\/index.php\/wp-json\/wp\/v2\/users\/1"}],"replies":[{"embeddable":true,"href":"https:\/\/auboncru.com\/index.php\/wp-json\/wp\/v2\/comments?post=2034"}],"version-history":[{"count":15,"href":"https:\/\/auboncru.com\/index.php\/wp-json\/wp\/v2\/pages\/2034\/revisions"}],"predecessor-version":[{"id":2064,"href":"https:\/\/auboncru.com\/index.php\/wp-json\/wp\/v2\/pages\/2034\/revisions\/2064"}],"wp:attachment":[{"href":"https:\/\/auboncru.com\/index.php\/wp-json\/wp\/v2\/media?parent=2034"}],"curies":[{"name":"wp","href":"https:\/\/api.w.org\/{rel}","templated":true}]}}